{"id":103,"date":"2019-10-07T19:55:59","date_gmt":"2019-10-07T17:55:59","guid":{"rendered":"https:\/\/www.rasquinet.org\/w\/?page_id=103"},"modified":"2019-11-17T14:10:10","modified_gmt":"2019-11-17T13:10:10","slug":"notre-projet","status":"publish","type":"page","link":"https:\/\/www.rasquinet.org\/w\/notre-projet\/","title":{"rendered":"Notre projet"},"content":{"rendered":"<p><a href=\"#projobjectifs\">Objectifs<\/a><\/p>\n<p><a href=\"#projmoyens\">Moyens<\/a><\/p>\n<p><a href=\"#projdocs\">Documents utiles<\/a><\/p>\n\n\n<p><\/p>\n\n\n\n<div style=\"height:100px\" aria-hidden=\"true\" class=\"wp-block-spacer\"><\/div>\n\n\n\n<div class=\"wp-block-image\"><figure class=\"alignright is-resized\"><a href=\"https:\/\/www.rasquinet.org\/w\/wp-content\/uploads\/2019\/10\/murpeinture01-1-1.png\"><img loading=\"lazy\" decoding=\"async\" src=\"https:\/\/www.rasquinet.org\/w\/wp-content\/uploads\/2019\/10\/murpeinture01-1-1.png\" alt=\"\" class=\"wp-image-277\" width=\"284\" height=\"379\" srcset=\"https:\/\/www.rasquinet.org\/w\/wp-content\/uploads\/2019\/10\/murpeinture01-1-1.png 394w, https:\/\/www.rasquinet.org\/w\/wp-content\/uploads\/2019\/10\/murpeinture01-1-1-337x450.png 337w, https:\/\/www.rasquinet.org\/w\/wp-content\/uploads\/2019\/10\/murpeinture01-1-1-225x300.png 225w\" sizes=\"auto, (max-width: 284px) 100vw, 284px\" \/><\/a><\/figure><\/div>\n\n\n\n<h3 class=\"wp-block-heading\" id=\"projobjectifs\"><strong>Objectifs<\/strong><\/h3>\n\n\n\n<p>Les objectifs de l\u2019asbl Rasquinet se d\u00e9clinent comme autant d\u2019engagements dans les principes psychop\u00e9dagogiques suivants&nbsp;:<\/p>\n\n\n\n<p>\u2192Offrir un <strong>espace d\u2019accueil<\/strong>&nbsp;et proposer aux enfants des activit\u00e9s vari\u00e9es alliant \u00e0 la fois le scolaire, le r\u00e9cr\u00e9atif, le didactique et le cr\u00e9atif dans un m\u00eame dispositif.<\/p>\n\n\n\n<p>\u2192<strong>Lutter contre l\u2019exclusion<\/strong>&nbsp;et toute forme de discrimination, s\u2019inscrire dans une dynamique d\u2019\u00e9galit\u00e9 des chances et de cohabitation harmonieuse des diff\u00e9rences.<\/p>\n\n\n\n<p>\u2192Favoriser un sentiment harmonieux du <strong>vivre ensemble<\/strong>, bas\u00e9 sur la coop\u00e9ration, la solidarit\u00e9 et la non-violence, cr\u00e9er du lien.<\/p>\n\n\n\n<p>\u2192Favoriser <strong>et susciter chez l\u2019enfant la curiosit\u00e9 culturelle<\/strong>, l\u2019envie d\u2019apprendre et de d\u00e9couvrir la diff\u00e9rence, l\u2019envie de d\u00e9couvrir et de respecter l\u2019environnement.<\/p>\n\n\n\n<p>\u2192D\u00e9velopper <strong>l\u2019expression et la cr\u00e9ativit\u00e9<\/strong>&nbsp;artistique.<\/p>\n\n\n\n<p>\u2192D\u00e9velopper <strong>l\u2019autonomie<\/strong>&nbsp;de l\u2019enfant dans ses choix, son apprentissage, sa cr\u00e9ativit\u00e9.<\/p>\n\n\n\n<div class=\"wp-block-image\"><figure class=\"alignright is-resized\"><a href=\"https:\/\/www.rasquinet.org\/w\/wp-content\/uploads\/2019\/10\/tableenfant01-1-1.png\"><img loading=\"lazy\" decoding=\"async\" src=\"https:\/\/www.rasquinet.org\/w\/wp-content\/uploads\/2019\/10\/tableenfant01-1-1.png\" alt=\"\" class=\"wp-image-278\" width=\"278\" height=\"407\" srcset=\"https:\/\/www.rasquinet.org\/w\/wp-content\/uploads\/2019\/10\/tableenfant01-1-1.png 453w, https:\/\/www.rasquinet.org\/w\/wp-content\/uploads\/2019\/10\/tableenfant01-1-1-307x450.png 307w, https:\/\/www.rasquinet.org\/w\/wp-content\/uploads\/2019\/10\/tableenfant01-1-1-205x300.png 205w\" sizes=\"auto, (max-width: 278px) 100vw, 278px\" \/><\/a><\/figure><\/div>\n\n\n\n<p>\u2192D\u00e9velopper la confiance en soi et <strong>l\u2019estime de soi de l\u2019enfant<\/strong>.<\/p>\n\n\n\n<p>\u2192D\u00e9velopper <strong>l\u2019apprentissage du fran\u00e7ais<\/strong>&nbsp;et susciter le go\u00fbt pour la <strong>lecture<\/strong><strong><\/strong><\/p>\n\n\n\n<p>\u2192Soutenir l\u2019enfant vers sa <strong>r\u00e9ussite scolaire<\/strong>, accompagner l\u2019enfant dans la r\u00e9alisation de son travail, le guider, l\u2019encourager, l\u2019aider \u00e0 comprendre.<\/p>\n\n\n\n<p>\u2192<strong>Soutenir les parents<\/strong>&nbsp;dans leur r\u00f4le \u00e9ducatif.<\/p>\n\n\n\n<p>\u2192Instaurer une <strong>d\u00e9mocratie participative<\/strong>&nbsp;stimulant un apprentissage partag\u00e9 de la citoyennet\u00e9.<\/p>\n\n\n\n<div style=\"height:100px\" aria-hidden=\"true\" class=\"wp-block-spacer\"><\/div>\n\n\n\n<h3 class=\"wp-block-heading\" id=\"projmoyens\"><strong>Moyens&nbsp;<\/strong><strong><\/strong><\/h3>\n\n\n\n<p>La r\u00e9union d\u2019une Ecole De Devoirs (EDD) et d\u2019un Centre d\u2019Expression et de Cr\u00e9ativit\u00e9 (CEC)&nbsp;dans un m\u00eame projet constitue le principal moyen pour r\u00e9aliser nos objectifs.<\/p>\n\n\n\n<p>Ce moyen op\u00e8re par le biais de 3 champs d\u2019action&nbsp;:<\/p>\n\n\n<ul>\n<li><b><\/b><strong><b>soutien scolaire&nbsp;:<\/b><\/strong>\n<ul>\n<li><b><\/b>les plateaux<\/li>\n<li>l\u2019aide en lecture<\/li>\n<li>la biblioth\u00e8que<\/li>\n<li>les jeux p\u00e9dagogiques<\/li>\n<\/ul>\n<\/li>\n<li><b><\/b><strong><b>Les ateliers <\/b><\/strong>\n<ul>\n<li><b><\/b>Les ateliers cr\u00e9atifs<\/li>\n<li>Les activit\u00e9s sportives<\/li>\n<li>Les projets socio-artistiques<\/li>\n<\/ul>\n<\/li>\n<li><b><\/b><strong><b>Les activit\u00e9s durant les cong\u00e9s scolaires<\/b><\/strong>\n<ul>\n<li><b><\/b>Stages<\/li>\n<li>Camp<\/li>\n<\/ul>\n<\/li>\n<\/ul>\n\n\n<div style=\"height:100px\" aria-hidden=\"true\" class=\"wp-block-spacer\"><\/div>\n\n\n\n<h3 class=\"wp-block-heading\" id=\"projdocs\"><strong>Documents utiles<\/strong><\/h3>\n\n\n\n<div class=\"wp-block-file\"><a href=\"https:\/\/www.rasquinet.org\/w\/wp-content\/uploads\/2019\/10\/Projet-p\u00e9dagogique.pdf\" target=\"_blank\" rel=\"noreferrer noopener\">Projet p\u00e9dagogique<\/a><a href=\"https:\/\/www.rasquinet.org\/w\/wp-content\/uploads\/2019\/10\/Projet-p\u00e9dagogique.pdf\" class=\"wp-block-file__button\" download>T\u00e9l\u00e9charger<\/a><\/div>\n\n\n\n<div class=\"wp-block-file\"><a href=\"https:\/\/www.rasquinet.org\/w\/wp-content\/uploads\/2019\/10\/R\u00e8glement-dordre-int\u00e9rieur-RASQUINET-2019-2020docx.pdf\" target=\"_blank\" rel=\"noreferrer noopener\">R\u00e8glement d&#8217;ordre int\u00e9rieur<\/a><a href=\"https:\/\/www.rasquinet.org\/w\/wp-content\/uploads\/2019\/10\/R\u00e8glement-dordre-int\u00e9rieur-RASQUINET-2019-2020docx.pdf\" class=\"wp-block-file__button\" download>T\u00e9l\u00e9charger <\/a><\/div>\n\n\n\n<div class=\"wp-block-file\"><a href=\"https:\/\/www.rasquinet.org\/w\/wp-content\/uploads\/2019\/10\/Charte-des-enfants-plateau-des-moyens-2019-2020.pdf\" target=\"_blank\" rel=\"noreferrer noopener\">Charte des enfants<\/a><a href=\"https:\/\/www.rasquinet.org\/w\/wp-content\/uploads\/2019\/10\/Charte-des-enfants-plateau-des-moyens-2019-2020.pdf\" class=\"wp-block-file__button\" download>T\u00e9l\u00e9charger<\/a><\/div>\n\n\n\n<p><\/p>\n","protected":false},"excerpt":{"rendered":"<p>Objectifs Moyens Documents utiles Objectifs Les objectifs de l\u2019asbl Rasquinet se d\u00e9clinent comme autant d\u2019engagements dans les principes psychop\u00e9dagogiques suivants&nbsp;: \u2192Offrir un espace d\u2019accueil&nbsp;et proposer aux enfants des activit\u00e9s vari\u00e9es alliant \u00e0 la fois le scolaire, le r\u00e9cr\u00e9atif, le didactique et le cr\u00e9atif dans un m\u00eame dispositif. \u2192Lutter contre l\u2019exclusion&nbsp;et &#8230;<\/p>\n","protected":false},"author":2,"featured_media":0,"parent":0,"menu_order":0,"comment_status":"closed","ping_status":"closed","template":"","meta":{"footnotes":""},"class_list":["post-103","page","type-page","status-publish","hentry","column","threecol"],"_links":{"self":[{"href":"https:\/\/www.rasquinet.org\/w\/wp-json\/wp\/v2\/pages\/103","targetHints":{"allow":["GET"]}}],"collection":[{"href":"https:\/\/www.rasquinet.org\/w\/wp-json\/wp\/v2\/pages"}],"about":[{"href":"https:\/\/www.rasquinet.org\/w\/wp-json\/wp\/v2\/types\/page"}],"author":[{"embeddable":true,"href":"https:\/\/www.rasquinet.org\/w\/wp-json\/wp\/v2\/users\/2"}],"replies":[{"embeddable":true,"href":"https:\/\/www.rasquinet.org\/w\/wp-json\/wp\/v2\/comments?post=103"}],"version-history":[{"count":11,"href":"https:\/\/www.rasquinet.org\/w\/wp-json\/wp\/v2\/pages\/103\/revisions"}],"predecessor-version":[{"id":501,"href":"https:\/\/www.rasquinet.org\/w\/wp-json\/wp\/v2\/pages\/103\/revisions\/501"}],"wp:attachment":[{"href":"https:\/\/www.rasquinet.org\/w\/wp-json\/wp\/v2\/media?parent=103"}],"curies":[{"name":"wp","href":"https:\/\/api.w.org\/{rel}","templated":true}]}}