{"id":106,"date":"2019-10-07T19:58:42","date_gmt":"2019-10-07T17:58:42","guid":{"rendered":"https:\/\/www.rasquinet.org\/w\/?page_id=106"},"modified":"2019-10-24T02:41:31","modified_gmt":"2019-10-24T00:41:31","slug":"equipes","status":"publish","type":"page","link":"https:\/\/www.rasquinet.org\/w\/equipes\/","title":{"rendered":"Equipes"},"content":{"rendered":"\n<div style=\"height:100px\" aria-hidden=\"true\" class=\"wp-block-spacer\"><\/div>\n\n\n\n<p>Un conseil d\u2019administration b\u00e9n\u00e9vole gestionnaire, plus d\u2019une quinzaine de moniteurs b\u00e9n\u00e9voles, un coordinateur p\u00e9dagogique (salari\u00e9 4\/5), un assistant administratif et &nbsp;4 animateurs (salari\u00e9s \u00bd temps) constituent les forces vives de l\u2019asbl.<\/p>\n\n\n\n<p>Depuis le mois d\u2019octobre 2018, nous b\u00e9n\u00e9ficions de la pr\u00e9sence d\u2019un poste (CDD) pour renforcer le p\u00f4le soutien scolaire au travers notamment d\u2019activit\u00e9s et de jeux li\u00e9s \u00e0 la biblioth\u00e8que.<\/p>\n\n\n\n<p>&nbsp;Nous distinguons moniteur\/monitrice, assurant l\u2019accompagnement des enfants dans le cadre de l\u2019aide aux devoirs, et animateur\/animatrice, accompagnant les enfants tant au niveau de l\u2019aide aux devoirs &nbsp;que des autres activit\u00e9s de l\u2019asbl RASQUINET. <\/p>\n\n\n\n<p>\u2022Moniteurs et animateurs sont qualifi\u00e9s pour assurer leurs fonctions.<\/p>\n\n\n\n<p>\u2022Plusieurs outils d\u2019\u00e9valuation interne&nbsp;sont \u00e9labor\u00e9s afin que chacun, animateur ou moniteur, puisse faire le point sur sa pratique.<\/p>\n\n\n\n<p>\u2022Les animateurs sont encourag\u00e9s \u00e0 suivre au moins 50h &nbsp;de formation sur 3 ans.<\/p>\n\n\n\n<p>\u2022Les moniteurs sont li\u00e9s \u00e0 l\u2019asbl par une convention de volontariat&nbsp;ce qui garantit une certaine coh\u00e9sion et stabilit\u00e9 \u00e0 l\u2019\u00e9quipe.<\/p>\n\n\n\n<p>\u2022Dans chacune des activit\u00e9s de Rasquinet, l\u2019accueil est organis\u00e9 de mani\u00e8re \u00e0 ce qu\u2019il y ait un moniteur ou animateur pour 8 enfants maximum.<\/p>\n\n\n\n<p>Rasquinet accueille \u00e9galement de nombreux stagiaires&nbsp;chaque ann\u00e9e. Nous contribuons \u00e0 leur formation en leur assurant un encadrement de qualit\u00e9 et en leur permettant d\u2019effectuer un stage dans un lieu tr\u00e8s enrichissant et formateur.<\/p>\n","protected":false},"excerpt":{"rendered":"<p>Un conseil d\u2019administration b\u00e9n\u00e9vole gestionnaire, plus d\u2019une quinzaine de moniteurs b\u00e9n\u00e9voles, un coordinateur p\u00e9dagogique (salari\u00e9 4\/5), un assistant administratif et &nbsp;4 animateurs (salari\u00e9s \u00bd temps) constituent les forces vives de l\u2019asbl. Depuis le mois d\u2019octobre 2018, nous b\u00e9n\u00e9ficions de la pr\u00e9sence d\u2019un poste (CDD) pour renforcer le p\u00f4le soutien scolaire &#8230;<\/p>\n","protected":false},"author":2,"featured_media":0,"parent":0,"menu_order":0,"comment_status":"closed","ping_status":"closed","template":"","meta":{"footnotes":""},"class_list":["post-106","page","type-page","status-publish","hentry","column","threecol"],"_links":{"self":[{"href":"https:\/\/www.rasquinet.org\/w\/wp-json\/wp\/v2\/pages\/106","targetHints":{"allow":["GET"]}}],"collection":[{"href":"https:\/\/www.rasquinet.org\/w\/wp-json\/wp\/v2\/pages"}],"about":[{"href":"https:\/\/www.rasquinet.org\/w\/wp-json\/wp\/v2\/types\/page"}],"author":[{"embeddable":true,"href":"https:\/\/www.rasquinet.org\/w\/wp-json\/wp\/v2\/users\/2"}],"replies":[{"embeddable":true,"href":"https:\/\/www.rasquinet.org\/w\/wp-json\/wp\/v2\/comments?post=106"}],"version-history":[{"count":1,"href":"https:\/\/www.rasquinet.org\/w\/wp-json\/wp\/v2\/pages\/106\/revisions"}],"predecessor-version":[{"id":360,"href":"https:\/\/www.rasquinet.org\/w\/wp-json\/wp\/v2\/pages\/106\/revisions\/360"}],"wp:attachment":[{"href":"https:\/\/www.rasquinet.org\/w\/wp-json\/wp\/v2\/media?parent=106"}],"curies":[{"name":"wp","href":"https:\/\/api.w.org\/{rel}","templated":true}]}}