{"id":108,"date":"2019-10-07T19:59:08","date_gmt":"2019-10-07T17:59:08","guid":{"rendered":"https:\/\/www.rasquinet.org\/w\/?page_id=108"},"modified":"2019-10-24T02:46:51","modified_gmt":"2019-10-24T00:46:51","slug":"reconnaissances","status":"publish","type":"page","link":"https:\/\/www.rasquinet.org\/w\/reconnaissances\/","title":{"rendered":"Reconnaissances"},"content":{"rendered":"\n<div style=\"height:100px\" aria-hidden=\"true\" class=\"wp-block-spacer\"><\/div>\n\n\n\n<p>L\u2019asbl RASQUINET est reconnue comme Ecole de Devoirs par l\u2019ONE ainsi que comme Centre d\u2019Expression et de Cr\u00e9ativit\u00e9 par la F\u00e9d\u00e9ration Wallonie Bruxelles.<\/p>\n\n\n\n<p>Plusieurs subsides soutiennent notre travail notamment en mati\u00e8re de coh\u00e9sion sociale, d\u2019activit\u00e9 parascolaire p\u00e9dagogique et d\u2019accueil de l\u2019enfance.<\/p>\n\n\n\n<div style=\"height:100px\" aria-hidden=\"true\" class=\"wp-block-spacer\"><\/div>\n","protected":false},"excerpt":{"rendered":"<p>L\u2019asbl RASQUINET est reconnue comme Ecole de Devoirs par l\u2019ONE ainsi que comme Centre d\u2019Expression et de Cr\u00e9ativit\u00e9 par la F\u00e9d\u00e9ration Wallonie Bruxelles. Plusieurs subsides soutiennent notre travail notamment en mati\u00e8re de coh\u00e9sion sociale, d\u2019activit\u00e9 parascolaire p\u00e9dagogique et d\u2019accueil de l\u2019enfance.<\/p>\n","protected":false},"author":2,"featured_media":0,"parent":0,"menu_order":0,"comment_status":"closed","ping_status":"closed","template":"","meta":{"footnotes":""},"class_list":["post-108","page","type-page","status-publish","hentry","column","threecol"],"_links":{"self":[{"href":"https:\/\/www.rasquinet.org\/w\/wp-json\/wp\/v2\/pages\/108","targetHints":{"allow":["GET"]}}],"collection":[{"href":"https:\/\/www.rasquinet.org\/w\/wp-json\/wp\/v2\/pages"}],"about":[{"href":"https:\/\/www.rasquinet.org\/w\/wp-json\/wp\/v2\/types\/page"}],"author":[{"embeddable":true,"href":"https:\/\/www.rasquinet.org\/w\/wp-json\/wp\/v2\/users\/2"}],"replies":[{"embeddable":true,"href":"https:\/\/www.rasquinet.org\/w\/wp-json\/wp\/v2\/comments?post=108"}],"version-history":[{"count":1,"href":"https:\/\/www.rasquinet.org\/w\/wp-json\/wp\/v2\/pages\/108\/revisions"}],"predecessor-version":[{"id":372,"href":"https:\/\/www.rasquinet.org\/w\/wp-json\/wp\/v2\/pages\/108\/revisions\/372"}],"wp:attachment":[{"href":"https:\/\/www.rasquinet.org\/w\/wp-json\/wp\/v2\/media?parent=108"}],"curies":[{"name":"wp","href":"https:\/\/api.w.org\/{rel}","templated":true}]}}