{"id":122,"date":"2019-10-07T20:05:50","date_gmt":"2019-10-07T18:05:50","guid":{"rendered":"https:\/\/www.rasquinet.org\/w\/?page_id=122"},"modified":"2019-10-24T02:41:31","modified_gmt":"2019-10-24T00:41:31","slug":"liens-utiles","status":"publish","type":"page","link":"https:\/\/www.rasquinet.org\/w\/liens-utiles\/","title":{"rendered":"Liens utiles"},"content":{"rendered":"\n<ul class=\"wp-block-list\"><li><a rel=\"noreferrer noopener\" aria-label=\"Extrascolaire \u00e0 Schaerbeek (opens in a new tab)\" href=\"https:\/\/extrascolaire-schaerbeek.be\/spip.php?rubrique14\" target=\"_blank\">Extrascolaire \u00e0 Schaerbeek<\/a><\/li><li><a rel=\"noreferrer noopener\" aria-label=\"Les \u00e9coles de devoirs \u00e0 Bruxelles (opens in a new tab)\" href=\"http:\/\/www.ecolesdedevoirs.be\/bruxelles\" target=\"_blank\">Les \u00e9coles de devoirs \u00e0 Bruxelles<\/a><\/li><li><a href=\"https:\/\/www.one.be\/professionnel\/accueil-temps-libre\/ecoles-de-devoirs\/\" target=\"_blank\" rel=\"noreferrer noopener\" aria-label=\"Ecoles de devoirs sur le site de l' ONE (opens in a new tab)\">Ecoles de devoirs sur le site de l&#8217; ONE<\/a><\/li><\/ul>\n\n\n\n<p><\/p>\n\n\n\n<p><\/p>\n","protected":false},"excerpt":{"rendered":"<p>Extrascolaire \u00e0 Schaerbeek Les \u00e9coles de devoirs \u00e0 Bruxelles Ecoles de devoirs sur le site de l&#8217; ONE<\/p>\n","protected":false},"author":2,"featured_media":0,"parent":0,"menu_order":0,"comment_status":"closed","ping_status":"closed","template":"","meta":{"footnotes":""},"class_list":["post-122","page","type-page","status-publish","hentry","column","threecol"],"_links":{"self":[{"href":"https:\/\/www.rasquinet.org\/w\/wp-json\/wp\/v2\/pages\/122","targetHints":{"allow":["GET"]}}],"collection":[{"href":"https:\/\/www.rasquinet.org\/w\/wp-json\/wp\/v2\/pages"}],"about":[{"href":"https:\/\/www.rasquinet.org\/w\/wp-json\/wp\/v2\/types\/page"}],"author":[{"embeddable":true,"href":"https:\/\/www.rasquinet.org\/w\/wp-json\/wp\/v2\/users\/2"}],"replies":[{"embeddable":true,"href":"https:\/\/www.rasquinet.org\/w\/wp-json\/wp\/v2\/comments?post=122"}],"version-history":[{"count":1,"href":"https:\/\/www.rasquinet.org\/w\/wp-json\/wp\/v2\/pages\/122\/revisions"}],"predecessor-version":[{"id":365,"href":"https:\/\/www.rasquinet.org\/w\/wp-json\/wp\/v2\/pages\/122\/revisions\/365"}],"wp:attachment":[{"href":"https:\/\/www.rasquinet.org\/w\/wp-json\/wp\/v2\/media?parent=122"}],"curies":[{"name":"wp","href":"https:\/\/api.w.org\/{rel}","templated":true}]}}