{"id":173,"date":"2019-10-13T00:37:34","date_gmt":"2019-10-12T22:37:34","guid":{"rendered":"https:\/\/www.rasquinet.org\/w\/?page_id=173"},"modified":"2019-11-05T03:51:37","modified_gmt":"2019-11-05T02:51:37","slug":"politique-de-confidentialite","status":"publish","type":"page","link":"https:\/\/www.rasquinet.org\/w\/politique-de-confidentialite\/","title":{"rendered":"Politique de confidentialit\u00e9"},"content":{"rendered":"\n<p>Rasquinet a.s.b.l.&nbsp;s\u2019engage \u00e0 ce que la collecte et le traitement de vos donn\u00e9es, effectu\u00e9s \u00e0 partir du site www.rasquinet.org&nbsp;soient conformes au R\u00e8glement G\u00e9n\u00e9ral sur la Protection des Donn\u00e9es (RGPD).<\/p>\n\n\n\n<h3 class=\"wp-block-heading\"><strong>Cookies<\/strong><\/h3>\n\n\n\n<p>Pour assurer le bon fonctionnement de ce site internet, des informations relatives \u00e0 la navigation peuvent \u00eatre collect\u00e9es et stock\u00e9es sur votre appareil (ordinateur, tablette, smartphone, etc.) dans des fichiers appel\u00e9s \u00ab cookies \u00bb.<\/p>\n\n\n\n<p>Les cookies sont de petits fichiers stock\u00e9s par le navigateur (par exemple, Chrome, Firefox ou Safari) sur votre ordinateur ou smartphone. Ils permettent notamment d\u2019identifier les visiteurs du site web en cas de visites r\u00e9p\u00e9t\u00e9es sur le site web.<\/p>\n\n\n\n<h4 class=\"wp-block-heading\"><strong>Cookies fonctionnels<\/strong><\/h4>\n\n\n\n<p>Utilis\u00e9s pour une navigation plus efficace, ils retiennent par exemple le choix de langue.<\/p>\n\n\n\n<p>Un cookie nomm\u00e9 \u201cSERVERID\u201d provenant de rasquinet.org est n\u00e9cessaire au bon fonctionnement de l\u2019h\u00e9bergement de notre site internet. Dur\u00e9e de vie: expire lorsque vous quittez la session de navigation.<\/p>\n\n\n\n<p>Un cookie nomm\u00e9 \u201ceuCookie\u201d provenant de rasquinet.org sert \u00e0 param\u00e9trer votre choix concernant l&#8217;acceptation des cookies. Dur\u00e9e de vie: 4 mois. <\/p>\n\n\n\n<p>D&#8217;autres cookies provenant de rasquinet.org, tel que ceux  contenant dans leurs noms &#8220;_logged_in_\u201d ou &#8220;_sec_&#8221;  lorsque vous acc\u00e9dez \u00e0 certaines parties restreintes du site, servent au bon fonctionnement de notre syst\u00e8me de gestion de contenu. Dur\u00e9e de vie:  expire lorsque vous quittez la session de navigation.   <\/p>\n\n\n\n<h4 class=\"wp-block-heading\"><strong>Cookies de service tiers (Vimeo, Youtube, Soundcloud, AddThis\u2026)<\/strong><\/h4>\n\n\n\n<p>Ils analysent votre profil et adaptent le contenu publicitaire propos\u00e9. Si vous souhaitez des informations compl\u00e9mentaires sur l\u2019utilisation de vos informations par les \u00e9ventuels services tiers, nous vous invitons \u00e0 consulter leur documentation sp\u00e9cifique.<\/p>\n\n\n\n<p>La plupart des navigateurs internet sont automatiquement configur\u00e9s pour accepter les cookies. Cependant, vous pouvez configurer votre navigateur afin d\u2019accepter ou de bloquer certains cookies. Bloquer tous les cookies peut dans certains cas restreindre l\u2019acc\u00e8s \u00e0 certaines parties du site. Nous vous invitons \u00e0 consulter la documentation sp\u00e9cifique au navigateur que vous utilisez.<\/p>\n\n\n\n<h3 class=\"wp-block-heading\"><strong>Droit sur vos donn\u00e9es<\/strong><\/h3>\n\n\n\n<p>Vous disposez d\u2019un droit d\u2019obtention, de radiation ou de modification des enregistrements vous concernant dans nos registres.<\/p>\n\n\n\n<h4 class=\"wp-block-heading\"><strong>Personne de contact<\/strong><\/h4>\n\n\n\n<p>Pour toute demande d\u2019informations compl\u00e9mentaires concernant le traitement de vos donn\u00e9es merci de vous adresser \u00e0 :<\/p>\n\n\n\n<p>Email:&nbsp;bureau@rasquinet.org<\/p>\n\n\n\n<p>Adresse postale: 174 rue josaphat, 1030 Schaerbeek<\/p>\n","protected":false},"excerpt":{"rendered":"<p>Rasquinet a.s.b.l.&nbsp;s\u2019engage \u00e0 ce que la collecte et le traitement de vos donn\u00e9es, effectu\u00e9s \u00e0 partir du site www.rasquinet.org&nbsp;soient conformes au R\u00e8glement G\u00e9n\u00e9ral sur la Protection des Donn\u00e9es (RGPD). Cookies Pour assurer le bon fonctionnement de ce site internet, des informations relatives \u00e0 la navigation peuvent \u00eatre collect\u00e9es et stock\u00e9es &#8230;<\/p>\n","protected":false},"author":1,"featured_media":0,"parent":0,"menu_order":0,"comment_status":"closed","ping_status":"closed","template":"","meta":{"footnotes":""},"class_list":["post-173","page","type-page","status-publish","hentry","column","threecol"],"_links":{"self":[{"href":"https:\/\/www.rasquinet.org\/w\/wp-json\/wp\/v2\/pages\/173","targetHints":{"allow":["GET"]}}],"collection":[{"href":"https:\/\/www.rasquinet.org\/w\/wp-json\/wp\/v2\/pages"}],"about":[{"href":"https:\/\/www.rasquinet.org\/w\/wp-json\/wp\/v2\/types\/page"}],"author":[{"embeddable":true,"href":"https:\/\/www.rasquinet.org\/w\/wp-json\/wp\/v2\/users\/1"}],"replies":[{"embeddable":true,"href":"https:\/\/www.rasquinet.org\/w\/wp-json\/wp\/v2\/comments?post=173"}],"version-history":[{"count":7,"href":"https:\/\/www.rasquinet.org\/w\/wp-json\/wp\/v2\/pages\/173\/revisions"}],"predecessor-version":[{"id":455,"href":"https:\/\/www.rasquinet.org\/w\/wp-json\/wp\/v2\/pages\/173\/revisions\/455"}],"wp:attachment":[{"href":"https:\/\/www.rasquinet.org\/w\/wp-json\/wp\/v2\/media?parent=173"}],"curies":[{"name":"wp","href":"https:\/\/api.w.org\/{rel}","templated":true}]}}