{"id":74,"date":"2019-10-07T17:40:14","date_gmt":"2019-10-07T15:40:14","guid":{"rendered":"https:\/\/www.rasquinet.org\/w\/?page_id=74"},"modified":"2019-11-16T01:45:28","modified_gmt":"2019-11-16T00:45:28","slug":"actualites","status":"publish","type":"page","link":"https:\/\/www.rasquinet.org\/w\/actualites\/","title":{"rendered":"ACTUALITES"},"content":{"rendered":"\n<ul class=\"wp-block-list\"><li><a href=\"https:\/\/www.rasquinet.org\/w\/category\/agenda\/\">notre agenda  <\/a>(\u00e9v\u00e9nements \u00e0 venir)<\/li><li><a href=\"https:\/\/www.rasquinet.org\/w\/category\/notre-actu\/\">notre actualit\u00e9 <\/a> (\u00e9v\u00e9nements et activit\u00e9s  en cours)<\/li><\/ul>\n\n\n\n<p><\/p>\n","protected":false},"excerpt":{"rendered":"<p>notre agenda (\u00e9v\u00e9nements \u00e0 venir) notre actualit\u00e9 (\u00e9v\u00e9nements et activit\u00e9s en cours)<\/p>\n","protected":false},"author":2,"featured_media":0,"parent":0,"menu_order":0,"comment_status":"closed","ping_status":"closed","template":"","meta":{"footnotes":""},"class_list":["post-74","page","type-page","status-publish","hentry","column","threecol"],"_links":{"self":[{"href":"https:\/\/www.rasquinet.org\/w\/wp-json\/wp\/v2\/pages\/74","targetHints":{"allow":["GET"]}}],"collection":[{"href":"https:\/\/www.rasquinet.org\/w\/wp-json\/wp\/v2\/pages"}],"about":[{"href":"https:\/\/www.rasquinet.org\/w\/wp-json\/wp\/v2\/types\/page"}],"author":[{"embeddable":true,"href":"https:\/\/www.rasquinet.org\/w\/wp-json\/wp\/v2\/users\/2"}],"replies":[{"embeddable":true,"href":"https:\/\/www.rasquinet.org\/w\/wp-json\/wp\/v2\/comments?post=74"}],"version-history":[{"count":2,"href":"https:\/\/www.rasquinet.org\/w\/wp-json\/wp\/v2\/pages\/74\/revisions"}],"predecessor-version":[{"id":477,"href":"https:\/\/www.rasquinet.org\/w\/wp-json\/wp\/v2\/pages\/74\/revisions\/477"}],"wp:attachment":[{"href":"https:\/\/www.rasquinet.org\/w\/wp-json\/wp\/v2\/media?parent=74"}],"curies":[{"name":"wp","href":"https:\/\/api.w.org\/{rel}","templated":true}]}}