{"id":76,"date":"2019-10-07T17:40:52","date_gmt":"2019-10-07T15:40:52","guid":{"rendered":"https:\/\/www.rasquinet.org\/w\/?page_id=76"},"modified":"2019-11-10T16:18:40","modified_gmt":"2019-11-10T15:18:40","slug":"contacts","status":"publish","type":"page","link":"https:\/\/www.rasquinet.org\/w\/contacts\/","title":{"rendered":"CONTACTS"},"content":{"rendered":"<p class=\"widget-title\">Rasquinet A.s.b.l.<\/p>\n<div class=\"textwidget\">\n<p>Ecole de Devoirs Centre d\u2019Expression et de Cr\u00e9ativit\u00e9<br \/>Rue Josaphat 174,\u00a0 1030 Schaerbeek<br \/>T\u00e9l\/Fax : 02 \/ 245 74 34<br \/>email : bureau@rasquinet.org<\/p>\n<p>Site: www.rasquinet.org<\/p>\n<p><strong>Acc\u00e8s:<\/strong><\/p>\n<p><span style=\"font-weight: 400\">Arr\u00eat Coteaux \u00e0 200m (Tram: 25 ou 62, Bus: 59, 65, 66 ou 358)<\/span><\/p>\n<p><span style=\"font-weight: 400\">Arr\u00eat Robiano \u00e0 400m (Tram: 92)<\/span><\/p>\n<\/div>\n\n\n<figure class=\"wp-block-image\"><a href=\"https:\/\/www.rasquinet.org\/w\/wp-content\/uploads\/2019\/11\/mapRasquinet01.png\"><img loading=\"lazy\" decoding=\"async\" width=\"300\" height=\"227\" src=\"https:\/\/www.rasquinet.org\/w\/wp-content\/uploads\/2019\/11\/mapRasquinet01-300x227.png\" alt=\"\" class=\"wp-image-460\" srcset=\"https:\/\/www.rasquinet.org\/w\/wp-content\/uploads\/2019\/11\/mapRasquinet01-300x227.png 300w, https:\/\/www.rasquinet.org\/w\/wp-content\/uploads\/2019\/11\/mapRasquinet01-768x580.png 768w, https:\/\/www.rasquinet.org\/w\/wp-content\/uploads\/2019\/11\/mapRasquinet01-1024x774.png 1024w, https:\/\/www.rasquinet.org\/w\/wp-content\/uploads\/2019\/11\/mapRasquinet01-595x450.png 595w, https:\/\/www.rasquinet.org\/w\/wp-content\/uploads\/2019\/11\/mapRasquinet01-700x529.png 700w, https:\/\/www.rasquinet.org\/w\/wp-content\/uploads\/2019\/11\/mapRasquinet01.png 1314w\" sizes=\"auto, (max-width: 300px) 100vw, 300px\" \/><\/a><\/figure>\n","protected":false},"excerpt":{"rendered":"<p>Rasquinet A.s.b.l. Ecole de Devoirs Centre d\u2019Expression et de Cr\u00e9ativit\u00e9Rue Josaphat 174,\u00a0 1030 SchaerbeekT\u00e9l\/Fax : 02 \/ 245 74 34email : bureau@rasquinet.org Site: www.rasquinet.org Acc\u00e8s: Arr\u00eat Coteaux \u00e0 200m (Tram: 25 ou 62, Bus: 59, 65, 66 ou 358) Arr\u00eat Robiano \u00e0 400m (Tram: 92)<\/p>\n","protected":false},"author":2,"featured_media":0,"parent":0,"menu_order":0,"comment_status":"closed","ping_status":"closed","template":"","meta":{"footnotes":""},"class_list":["post-76","page","type-page","status-publish","hentry","column","threecol"],"_links":{"self":[{"href":"https:\/\/www.rasquinet.org\/w\/wp-json\/wp\/v2\/pages\/76","targetHints":{"allow":["GET"]}}],"collection":[{"href":"https:\/\/www.rasquinet.org\/w\/wp-json\/wp\/v2\/pages"}],"about":[{"href":"https:\/\/www.rasquinet.org\/w\/wp-json\/wp\/v2\/types\/page"}],"author":[{"embeddable":true,"href":"https:\/\/www.rasquinet.org\/w\/wp-json\/wp\/v2\/users\/2"}],"replies":[{"embeddable":true,"href":"https:\/\/www.rasquinet.org\/w\/wp-json\/wp\/v2\/comments?post=76"}],"version-history":[{"count":4,"href":"https:\/\/www.rasquinet.org\/w\/wp-json\/wp\/v2\/pages\/76\/revisions"}],"predecessor-version":[{"id":463,"href":"https:\/\/www.rasquinet.org\/w\/wp-json\/wp\/v2\/pages\/76\/revisions\/463"}],"wp:attachment":[{"href":"https:\/\/www.rasquinet.org\/w\/wp-json\/wp\/v2\/media?parent=76"}],"curies":[{"name":"wp","href":"https:\/\/api.w.org\/{rel}","templated":true}]}}